{"id":944,"date":"2014-05-28T17:26:34","date_gmt":"2014-05-28T20:26:34","guid":{"rendered":"http:\/\/pinturaseterna.com.ar\/index\/?page_id=944"},"modified":"2025-07-14T18:43:42","modified_gmt":"2025-07-14T21:43:42","slug":"comprar","status":"publish","type":"page","link":"https:\/\/pinturaseterna.com.ar\/index\/comprar\/","title":{"rendered":"D\u00f3nde Comprar"},"content":{"rendered":"\t\t<div data-elementor-type=\"wp-page\" data-elementor-id=\"944\" class=\"elementor elementor-944\">\n\t\t\t\t\t\t<section class=\"elementor-section elementor-top-section elementor-element elementor-element-493207c elementor-section-boxed elementor-section-height-default elementor-section-height-default wpr-particle-no wpr-jarallax-no wpr-parallax-no wpr-sticky-section-no\" data-id=\"493207c\" data-element_type=\"section\" data-e-type=\"section\" data-settings=\"{&quot;background_background&quot;:&quot;classic&quot;}\">\n\t\t\t\t\t\t<div class=\"elementor-container elementor-column-gap-default\">\n\t\t\t\t\t<div class=\"elementor-column elementor-col-33 elementor-top-column elementor-element elementor-element-76122f9\" data-id=\"76122f9\" data-element_type=\"column\" data-e-type=\"column\">\n\t\t\t<div class=\"elementor-widget-wrap\">\n\t\t\t\t\t\t\t<\/div>\n\t\t<\/div>\n\t\t\t\t<div class=\"elementor-column elementor-col-33 elementor-top-column elementor-element elementor-element-9ab1194\" data-id=\"9ab1194\" data-element_type=\"column\" data-e-type=\"column\">\n\t\t\t<div class=\"elementor-widget-wrap elementor-element-populated\">\n\t\t\t\t\t\t<div class=\"elementor-element elementor-element-c9eba04 elementor-widget elementor-widget-image\" data-id=\"c9eba04\" data-element_type=\"widget\" data-e-type=\"widget\" data-widget_type=\"image.default\">\n\t\t\t\t<div class=\"elementor-widget-container\">\n\t\t\t\t\t\t\t\t\t\t\t\t\t\t\t<img fetchpriority=\"high\" decoding=\"async\" width=\"300\" height=\"168\" src=\"https:\/\/pinturaseterna.com.ar\/index\/wp-content\/uploads\/Donde-Comprar-300x168.png\" class=\"attachment-medium size-medium wp-image-319225\" alt=\"\" srcset=\"https:\/\/pinturaseterna.com.ar\/index\/wp-content\/uploads\/Donde-Comprar-300x168.png 300w, https:\/\/pinturaseterna.com.ar\/index\/wp-content\/uploads\/Donde-Comprar-357x200.png 357w, https:\/\/pinturaseterna.com.ar\/index\/wp-content\/uploads\/Donde-Comprar.png 600w\" sizes=\"(max-width: 300px) 100vw, 300px\" \/>\t\t\t\t\t\t\t\t\t\t\t\t\t\t\t<\/div>\n\t\t\t\t<\/div>\n\t\t\t\t\t<\/div>\n\t\t<\/div>\n\t\t\t\t<div class=\"elementor-column elementor-col-33 elementor-top-column elementor-element elementor-element-f473cd4\" data-id=\"f473cd4\" data-element_type=\"column\" data-e-type=\"column\">\n\t\t\t<div class=\"elementor-widget-wrap\">\n\t\t\t\t\t\t\t<\/div>\n\t\t<\/div>\n\t\t\t\t\t<\/div>\n\t\t<\/section>\n\t\t\t\t<section class=\"elementor-section elementor-top-section elementor-element elementor-element-dc4f5ef elementor-section-stretched elementor-section-boxed elementor-section-height-default elementor-section-height-default wpr-particle-no wpr-jarallax-no wpr-parallax-no wpr-sticky-section-no\" data-id=\"dc4f5ef\" data-element_type=\"section\" data-e-type=\"section\" data-settings=\"{&quot;background_background&quot;:&quot;classic&quot;,&quot;stretch_section&quot;:&quot;section-stretched&quot;}\">\n\t\t\t\t\t\t<div class=\"elementor-container elementor-column-gap-default\">\n\t\t\t\t\t<div class=\"elementor-column elementor-col-100 elementor-top-column elementor-element elementor-element-5db9f92\" data-id=\"5db9f92\" data-element_type=\"column\" data-e-type=\"column\">\n\t\t\t<div class=\"elementor-widget-wrap elementor-element-populated\">\n\t\t\t\t\t\t<div class=\"elementor-element elementor-element-a1eed6d elementor-view-default elementor-widget elementor-widget-icon\" data-id=\"a1eed6d\" data-element_type=\"widget\" data-e-type=\"widget\" data-widget_type=\"icon.default\">\n\t\t\t\t<div class=\"elementor-widget-container\">\n\t\t\t\t\t\t\t<div class=\"elementor-icon-wrapper\">\n\t\t\t<div class=\"elementor-icon\">\n\t\t\t<i aria-hidden=\"true\" class=\"fas fa-map-marker-alt\"><\/i>\t\t\t<\/div>\n\t\t<\/div>\n\t\t\t\t\t\t<\/div>\n\t\t\t\t<\/div>\n\t\t\t\t<div class=\"elementor-element elementor-element-2c93e95 elementor-widget elementor-widget-heading\" data-id=\"2c93e95\" data-element_type=\"widget\" data-e-type=\"widget\" data-widget_type=\"heading.default\">\n\t\t\t\t<div class=\"elementor-widget-container\">\n\t\t\t\t\t<h2 class=\"elementor-heading-title elementor-size-default\">Ubic\u00e1 tu <strong> punto Eterna<\/strong> por cercan\u00eda, provincia o localidad.<\/h2>\t\t\t\t<\/div>\n\t\t\t\t<\/div>\n\t\t\t\t\t<\/div>\n\t\t<\/div>\n\t\t\t\t\t<\/div>\n\t\t<\/section>\n\t\t\t\t<section class=\"elementor-section elementor-top-section elementor-element elementor-element-5cd2625 elementor-section-stretched elementor-section-boxed elementor-section-height-default elementor-section-height-default wpr-particle-no wpr-jarallax-no wpr-parallax-no wpr-sticky-section-no\" data-id=\"5cd2625\" data-element_type=\"section\" data-e-type=\"section\" data-settings=\"{&quot;background_background&quot;:&quot;classic&quot;,&quot;stretch_section&quot;:&quot;section-stretched&quot;}\">\n\t\t\t\t\t\t<div class=\"elementor-container elementor-column-gap-default\">\n\t\t\t\t\t<div class=\"elementor-column elementor-col-100 elementor-top-column elementor-element elementor-element-37efbdf\" data-id=\"37efbdf\" data-element_type=\"column\" data-e-type=\"column\">\n\t\t\t<div class=\"elementor-widget-wrap elementor-element-populated\">\n\t\t\t\t\t\t<div class=\"elementor-element elementor-element-e8c4d83 elementor-widget elementor-widget-shortcode\" data-id=\"e8c4d83\" data-element_type=\"widget\" data-e-type=\"widget\" data-widget_type=\"shortcode.default\">\n\t\t\t\t<div class=\"elementor-widget-container\">\n\t\t\t\t\t\t\t<div class=\"elementor-shortcode\"><style type=\"text\/css\">\n    body #asl-storelocator.asl-cont.asl-template-3 {--sl-font-size: 13px;--sl-title-size: 16px;--sl-btn-size: 13px;--sl-primary: #000014;--sl-infobox-color: #383838;--sl-infobox-bg: #e3e3e3;--sl-infobox-a: #383838;--sl-action-btn-color: #ffffff;--sl-action-btn-bg: #000014;--sl-color: #555d66;--sl-list-bg: #ededed;--sl-list-title: #32373c;--sl-list-sub-title: #fcfcfc;--sl-highlighted: #dcdada;}.asl-buttons .zoomhere {display: none !important;}    @media(max-width:991px){\n        #asl-storelocator.asl-cont .asl-panel {order: 0;}\n    }\n<\/style>\n<section id=\"asl-storelocator\" class=\"asl-cont asl-template-3 asl-layout-0 asl-bg-1  with-addr-ddl asl-text-0\">\n    <div class=\"asl-wrapper mb-5\">\n        <div class=\"sl-container-fluid\">\n                                    <div class=\"asl-ddl-filters\">\n                <div class=\"sl-row\"><\/div>\n            <\/div>\n                        <div class=\"sl-row\">\n                <div class=\"pol-12\">\n                    <div class=\"sl-main-cont\">\n                        <div class=\"sl-row no-gutters\">\n                            <div id=\"asl-panel\" class=\"asl-panel pol-md-6 pol-lg-5 pol-xl-4\">\n                                <div class=\"asl-overlay\" id=\"map-loading\">\n                                  <div class=\"white\"><\/div>\n                                    <div class=\"sl-loading\">\n                                        <i class=\"animate-sl-spin icon-spin3\"><\/i>\n                                        Cargando                                    <\/div>\n                                <\/div>\n                                <div class=\"asl-filter-sec hide\"><\/div>\n                                <!-- list -->\n                                <div class=\"asl-panel-inner\">\n                                    <div class=\"sl-filter-sec\">\n                                        <div class=\"asl-addr-search\">\n                                            <input aria-label=\"ubicaci\u00f3n de b\u00fasqueda\" value=\"\" id=\"sl-main-search\" type=\"text\" class=\"asl-search-address form-control\" placeholder=\"Ingresa tu direcci\u00f3n\">\n                                            <span class=\"sl-search-btn\"><i title=\"Buscar\" class=\"icon-search\"><\/i><\/span>\n                                        <\/div>  \n                                    <\/div>\n                                    <div class=\"asl-filter-tabs media\">\n                                        <div class=\"input-group\">\n                                            <ul class=\"sl-filt-a-list nav nav-pills\" role=\"tablist\"><\/ul>  \n                                            <div class=\"input-group-append\">\n                                                <div class=\"aswth-btn hide\">\n                                                    <span class=\"aswth\">\n                                                        <input type=\"checkbox\" class=\"aswth-input\" id=\"aswth-id\" checked>\n                                                        <label for=\"aswth-id\"><\/label>\n                                                        <div class=\"aswth-text\">\n                                                            <div class=\"contentA\">ABIERTO<\/div>\n                                                            <div class=\"contentB\">TODOS<\/div>\n                                                        <\/div>\n                                                    <\/span>\n                                                <\/div>\n                                            <\/div>\n                                        <\/div>\n                                    <\/div>\n                                    <div class=\"sl-main-cont-box\">\n                                        <div id=\"asl-list\" class=\"sl-list-wrapper\">\n                                            <ul id=\"p-statelist\" class=\"sl-list\">\n                                            <\/ul>\n                                        <\/div>\n                                    <\/div>\n                                <\/div>\n\n                                <div class=\"directions-cont hide\">\n                                    <div class=\"agile-modal-header\">\n                                        <button type=\"button\" class=\"close\"><span aria-hidden=\"true\">\u00d7<\/span><\/button>\n                                        <h4>Direcci\u00f3n de la tienda<\/h4>\n                                    <\/div>\n                                    <div class=\"rendered-directions\" id=\"asl-rendered-dir\" style=\"direction: ltr;\"><\/div>\n                                <\/div>\n                            <\/div>\n                            <div class=\"pol-md-6 pol-xl-8 pol-lg-7 asl-map\">\n                                <div class=\"map-image\">\n                                    <div id=\"asl-map-canv\" class=\"asl-map-canv\"><\/div>\n                                    \n                                    <div id=\"agile-modal-direction\" class=\"agile-modal fade\">\n    <div class=\"agile-modal-backdrop-in\"><\/div>\n    <div class=\"agile-modal-dialog in\">\n        <div class=\"agile-modal-content\">\n            <div class=\"sl-form-group d-flex justify-content-between\">\n                <h4 >Como llegar<\/h4>\n                <button type=\"button\" class=\"close-directions sl-close\" data-dismiss=\"agile-modal\" aria-label=\"Close\">&times;<\/button>\n            <\/div>\n            <div class=\"sl-form-group\">\n                <label for=\"frm-lbl\">Desde:<\/label>\n                <input type=\"text\" class=\"form-control frm-place\" id=\"frm-lbl\" placeholder=\"Ingres\u00e1 una localidad de b\u00fasqueda\">\n            <\/div>\n            <div class=\"sl-form-group\">\n                <label for=\"to-lbl\">A:<\/label>\n                <input readonly=\"true\" type=\"text\"  class=\"directions-to form-control\" id=\"to-lbl\" placeholder=\"Direcci\u00f3n de destino rellenada previamente\">\n            <\/div>\n            <div class=\"sl-form-group mb-0\">\n                <label for=\"rbtn-km\" class=\"checkbox-inline\">\n                    <input type=\"radio\" name=\"dist-type\"  id=\"rbtn-km\" value=\"0\"> Km                <\/label>\n                <label for=\"rbtn-mile\" class=\"checkbox-inline\">\n                    <input type=\"radio\" name=\"dist-type\" checked id=\"rbtn-mile\" value=\"1\"> Millas                <\/label>\n            <\/div>\n            <div class=\"sl-form-group mb-0\">\n                <button type=\"submit\" class=\"btn btn-default btn-submit\">Como llegar<\/button>\n            <\/div>\n        <\/div>\n    <\/div>\n<\/div>\n\n<div id=\"asl-geolocation-agile-modal\" class=\"agile-modal fade\">\n  <div class=\"agile-modal-backdrop-in\"><\/div>\n  <div class=\"agile-modal-dialog in\">\n    <div class=\"agile-modal-content\">\n            <div class=\"sl-form-group d-flex justify-content-between\">\n        <h5>Usar mi ubicaci\u00f3n para encontrar el proveedor de servicios m\u00e1s cercano cerca de m\u00ed<\/h5>\n        <button type=\"button\" class=\"close-directions sl-close\" data-dismiss=\"agile-modal\" aria-label=\"Close\" aria-hidden=\"true\">&times;<\/button>\n      <\/div>\n      <div class=\"sl-form-group text-center mb-0\">\n        <button type=\"button\" id=\"asl-btn-geolocation\" class=\"btn btn-block btn-default\">uso Localizaci\u00f3n<\/button>\n      <\/div>\n          <\/div>\n  <\/div>\n<\/div>\n\n<div id=\"asl-desc-agile-modal\" class=\"agile-modal fade\">\n  <div class=\"agile-modal-backdrop-in\"><\/div>\n  <div class=\"agile-modal-dialog in\">\n    <div class=\"agile-modal-content\">\n      <div class=\"sl-row\">\n        <div class=\"pol-md-12\">\n          <div class=\"sl-form-group d-flex justify-content-between\">\n            <h4 class=\"sl-title\">Description<\/h4>\n            <button type=\"button\" class=\"close-directions sl-close\" data-dismiss=\"agile-modal\" aria-label=\"Close\">&times;<\/button>\n          <\/div>\n          <div class=\"sl-desc\"><\/div>\n        <\/div>\n      <\/div>\n    <\/div>\n  <\/div>\n<\/div>                                <\/div>\n                            <\/div>\n                        <\/div>\n                    <\/div>\n                <\/div>\n            <\/div>\n        <\/div> \n    <\/div>\n    <\/section>\n<!-- This plugin is developed by \"Agile Store Locator for WordPress\" https:\/\/agilestorelocator.com --><\/div>\n\t\t\t\t\t\t<\/div>\n\t\t\t\t<\/div>\n\t\t\t\t\t<\/div>\n\t\t<\/div>\n\t\t\t\t\t<\/div>\n\t\t<\/section>\n\t\t\t\t<\/div>\n\t\t","protected":false},"excerpt":{"rendered":"","protected":false},"author":1,"featured_media":319031,"parent":0,"menu_order":0,"comment_status":"closed","ping_status":"closed","template":"elementor_header_footer","meta":{"footnotes":""},"class_list":["post-944","page","type-page","status-publish","has-post-thumbnail","hentry"],"_links":{"self":[{"href":"https:\/\/pinturaseterna.com.ar\/index\/wp-json\/wp\/v2\/pages\/944","targetHints":{"allow":["GET"]}}],"collection":[{"href":"https:\/\/pinturaseterna.com.ar\/index\/wp-json\/wp\/v2\/pages"}],"about":[{"href":"https:\/\/pinturaseterna.com.ar\/index\/wp-json\/wp\/v2\/types\/page"}],"author":[{"embeddable":true,"href":"https:\/\/pinturaseterna.com.ar\/index\/wp-json\/wp\/v2\/users\/1"}],"replies":[{"embeddable":true,"href":"https:\/\/pinturaseterna.com.ar\/index\/wp-json\/wp\/v2\/comments?post=944"}],"version-history":[{"count":100,"href":"https:\/\/pinturaseterna.com.ar\/index\/wp-json\/wp\/v2\/pages\/944\/revisions"}],"predecessor-version":[{"id":329112,"href":"https:\/\/pinturaseterna.com.ar\/index\/wp-json\/wp\/v2\/pages\/944\/revisions\/329112"}],"wp:featuredmedia":[{"embeddable":true,"href":"https:\/\/pinturaseterna.com.ar\/index\/wp-json\/wp\/v2\/media\/319031"}],"wp:attachment":[{"href":"https:\/\/pinturaseterna.com.ar\/index\/wp-json\/wp\/v2\/media?parent=944"}],"curies":[{"name":"wp","href":"https:\/\/api.w.org\/{rel}","templated":true}]}}