{"id":10355,"date":"2019-11-26T16:19:31","date_gmt":"2019-11-26T19:19:31","guid":{"rendered":"http:\/\/pinturaseterna.com.ar\/index\/?page_id=10355"},"modified":"2023-10-18T21:59:52","modified_gmt":"2023-10-19T00:59:52","slug":"pasta-para-modelar","status":"publish","type":"page","link":"https:\/\/pinturaseterna.com.ar\/index\/pasta-para-modelar\/","title":{"rendered":"Pasta para Modelar"},"content":{"rendered":"\t\t<div data-elementor-type=\"wp-page\" data-elementor-id=\"10355\" class=\"elementor elementor-10355\">\n\t\t\t\t\t\t<section class=\"elementor-section elementor-top-section elementor-element elementor-element-e9e4937 elementor-section-boxed elementor-section-height-default elementor-section-height-default wpr-particle-no wpr-jarallax-no wpr-parallax-no wpr-sticky-section-no\" data-id=\"e9e4937\" data-element_type=\"section\" data-e-type=\"section\">\n\t\t\t\t\t\t<div class=\"elementor-container elementor-column-gap-default\">\n\t\t\t\t\t<div class=\"elementor-column elementor-col-100 elementor-top-column elementor-element elementor-element-e8b5e12\" data-id=\"e8b5e12\" data-element_type=\"column\" data-e-type=\"column\">\n\t\t\t<div class=\"elementor-widget-wrap elementor-element-populated\">\n\t\t\t\t\t\t<div class=\"elementor-element elementor-element-99aa713 elementor-widget elementor-widget-heading\" data-id=\"99aa713\" data-element_type=\"widget\" data-e-type=\"widget\" data-widget_type=\"heading.default\">\n\t\t\t\t<div class=\"elementor-widget-container\">\n\t\t\t\t\t<h2 class=\"elementor-heading-title elementor-size-default\">Pasta para Modelar<\/h2>\t\t\t\t<\/div>\n\t\t\t\t<\/div>\n\t\t\t\t\t<\/div>\n\t\t<\/div>\n\t\t\t\t\t<\/div>\n\t\t<\/section>\n\t\t\t\t<section class=\"elementor-section elementor-top-section elementor-element elementor-element-475940c elementor-section-boxed elementor-section-height-default elementor-section-height-default wpr-particle-no wpr-jarallax-no wpr-parallax-no wpr-sticky-section-no\" data-id=\"475940c\" data-element_type=\"section\" data-e-type=\"section\">\n\t\t\t\t\t\t<div class=\"elementor-container elementor-column-gap-default\">\n\t\t\t\t\t<div class=\"elementor-column elementor-col-100 elementor-top-column elementor-element elementor-element-177aea4\" data-id=\"177aea4\" data-element_type=\"column\" data-e-type=\"column\">\n\t\t\t<div class=\"elementor-widget-wrap elementor-element-populated\">\n\t\t\t\t\t\t<div class=\"elementor-element elementor-element-36d756c elementor-widget elementor-widget-image\" data-id=\"36d756c\" data-element_type=\"widget\" data-e-type=\"widget\" data-widget_type=\"image.default\">\n\t\t\t\t<div class=\"elementor-widget-container\">\n\t\t\t\t\t\t\t\t\t\t\t\t\t\t\t<img fetchpriority=\"high\" decoding=\"async\" width=\"800\" height=\"200\" src=\"https:\/\/pinturaseterna.com.ar\/index\/wp-content\/uploads\/pasta_para_modelar2-800x200.jpg\" class=\"attachment-fluida-featured-half size-fluida-featured-half wp-image-10364\" alt=\"\" \/>\t\t\t\t\t\t\t\t\t\t\t\t\t\t\t<\/div>\n\t\t\t\t<\/div>\n\t\t\t\t\t<\/div>\n\t\t<\/div>\n\t\t\t\t\t<\/div>\n\t\t<\/section>\n\t\t\t\t<section class=\"elementor-section elementor-top-section elementor-element elementor-element-da4dc0b elementor-section-boxed elementor-section-height-default elementor-section-height-default wpr-particle-no wpr-jarallax-no wpr-parallax-no wpr-sticky-section-no\" data-id=\"da4dc0b\" data-element_type=\"section\" data-e-type=\"section\">\n\t\t\t\t\t\t<div class=\"elementor-container elementor-column-gap-default\">\n\t\t\t\t\t<div class=\"elementor-column elementor-col-25 elementor-top-column elementor-element elementor-element-2887e75\" data-id=\"2887e75\" data-element_type=\"column\" data-e-type=\"column\">\n\t\t\t<div class=\"elementor-widget-wrap elementor-element-populated\">\n\t\t\t\t\t\t<div class=\"elementor-element elementor-element-93578f6 elementor-widget elementor-widget-image\" data-id=\"93578f6\" data-element_type=\"widget\" data-e-type=\"widget\" data-widget_type=\"image.default\">\n\t\t\t\t<div class=\"elementor-widget-container\">\n\t\t\t\t\t\t\t\t\t\t\t\t\t\t\t<img decoding=\"async\" width=\"259\" height=\"168\" src=\"https:\/\/pinturaseterna.com.ar\/index\/wp-content\/uploads\/pasta_para_modelar01.jpg\" class=\"attachment-large size-large wp-image-10358\" alt=\"\" \/>\t\t\t\t\t\t\t\t\t\t\t\t\t\t\t<\/div>\n\t\t\t\t<\/div>\n\t\t\t\t\t<\/div>\n\t\t<\/div>\n\t\t\t\t<div class=\"elementor-column elementor-col-25 elementor-top-column elementor-element elementor-element-dbff99d\" data-id=\"dbff99d\" data-element_type=\"column\" data-e-type=\"column\">\n\t\t\t<div class=\"elementor-widget-wrap elementor-element-populated\">\n\t\t\t\t\t\t<div class=\"elementor-element elementor-element-17f9ca2 elementor-widget elementor-widget-image\" data-id=\"17f9ca2\" data-element_type=\"widget\" data-e-type=\"widget\" data-widget_type=\"image.default\">\n\t\t\t\t<div class=\"elementor-widget-container\">\n\t\t\t\t\t\t\t\t\t\t\t\t\t\t\t<img decoding=\"async\" width=\"265\" height=\"171\" src=\"https:\/\/pinturaseterna.com.ar\/index\/wp-content\/uploads\/pasta_para_modelar02.jpg\" class=\"attachment-large size-large wp-image-10359\" alt=\"\" \/>\t\t\t\t\t\t\t\t\t\t\t\t\t\t\t<\/div>\n\t\t\t\t<\/div>\n\t\t\t\t\t<\/div>\n\t\t<\/div>\n\t\t\t\t<div class=\"elementor-column elementor-col-25 elementor-top-column elementor-element elementor-element-7e228d1\" data-id=\"7e228d1\" data-element_type=\"column\" data-e-type=\"column\">\n\t\t\t<div class=\"elementor-widget-wrap elementor-element-populated\">\n\t\t\t\t\t\t<div class=\"elementor-element elementor-element-b32e4a4 elementor-widget elementor-widget-image\" data-id=\"b32e4a4\" data-element_type=\"widget\" data-e-type=\"widget\" data-widget_type=\"image.default\">\n\t\t\t\t<div class=\"elementor-widget-container\">\n\t\t\t\t\t\t\t\t\t\t\t\t\t\t\t<img loading=\"lazy\" decoding=\"async\" width=\"265\" height=\"171\" src=\"https:\/\/pinturaseterna.com.ar\/index\/wp-content\/uploads\/pasta_para_modelar03.jpg\" class=\"attachment-large size-large wp-image-10360\" alt=\"\" \/>\t\t\t\t\t\t\t\t\t\t\t\t\t\t\t<\/div>\n\t\t\t\t<\/div>\n\t\t\t\t\t<\/div>\n\t\t<\/div>\n\t\t\t\t<div class=\"elementor-column elementor-col-25 elementor-top-column elementor-element elementor-element-fb9098b\" data-id=\"fb9098b\" data-element_type=\"column\" data-e-type=\"column\">\n\t\t\t<div class=\"elementor-widget-wrap elementor-element-populated\">\n\t\t\t\t\t\t<div class=\"elementor-element elementor-element-923f4a5 elementor-widget elementor-widget-image\" data-id=\"923f4a5\" data-element_type=\"widget\" data-e-type=\"widget\" data-widget_type=\"image.default\">\n\t\t\t\t<div class=\"elementor-widget-container\">\n\t\t\t\t\t\t\t\t\t\t\t\t\t\t\t<img loading=\"lazy\" decoding=\"async\" width=\"150\" height=\"150\" src=\"https:\/\/pinturaseterna.com.ar\/index\/wp-content\/uploads\/pasta_para_modelar_envase-150x150.jpg\" class=\"attachment-thumbnail size-thumbnail wp-image-10361\" alt=\"\" \/>\t\t\t\t\t\t\t\t\t\t\t\t\t\t\t<\/div>\n\t\t\t\t<\/div>\n\t\t\t\t\t<\/div>\n\t\t<\/div>\n\t\t\t\t\t<\/div>\n\t\t<\/section>\n\t\t\t\t<section class=\"elementor-section elementor-top-section elementor-element elementor-element-e73752e elementor-section-boxed elementor-section-height-default elementor-section-height-default wpr-particle-no wpr-jarallax-no wpr-parallax-no wpr-sticky-section-no\" data-id=\"e73752e\" data-element_type=\"section\" data-e-type=\"section\">\n\t\t\t\t\t\t<div class=\"elementor-container elementor-column-gap-default\">\n\t\t\t\t\t<div class=\"elementor-column elementor-col-100 elementor-top-column elementor-element elementor-element-7a87c88\" data-id=\"7a87c88\" data-element_type=\"column\" data-e-type=\"column\" data-settings=\"{&quot;background_background&quot;:&quot;classic&quot;}\">\n\t\t\t<div class=\"elementor-widget-wrap elementor-element-populated\">\n\t\t\t\t\t\t<div class=\"elementor-element elementor-element-0153cb5 elementor-widget elementor-widget-heading\" data-id=\"0153cb5\" data-element_type=\"widget\" data-e-type=\"widget\" data-widget_type=\"heading.default\">\n\t\t\t\t<div class=\"elementor-widget-container\">\n\t\t\t\t\t<h2 class=\"elementor-heading-title elementor-size-default\">\u00bfQu\u00e9 es? y \u00bfC\u00f3mo se usa?<\/h2>\t\t\t\t<\/div>\n\t\t\t\t<\/div>\n\t\t\t\t<section class=\"elementor-section elementor-inner-section elementor-element elementor-element-5ba1263 elementor-section-full_width elementor-section-height-default elementor-section-height-default wpr-particle-no wpr-jarallax-no wpr-parallax-no wpr-sticky-section-no\" data-id=\"5ba1263\" data-element_type=\"section\" data-e-type=\"section\" data-settings=\"{&quot;background_background&quot;:&quot;classic&quot;}\">\n\t\t\t\t\t\t<div class=\"elementor-container elementor-column-gap-default\">\n\t\t\t\t\t<div class=\"elementor-column elementor-col-50 elementor-inner-column elementor-element elementor-element-5f6f76a\" data-id=\"5f6f76a\" data-element_type=\"column\" data-e-type=\"column\">\n\t\t\t<div class=\"elementor-widget-wrap elementor-element-populated\">\n\t\t\t\t\t\t<div class=\"elementor-element elementor-element-22622c4 elementor-widget elementor-widget-text-editor\" data-id=\"22622c4\" data-element_type=\"widget\" data-e-type=\"widget\" data-widget_type=\"text-editor.default\">\n\t\t\t\t<div class=\"elementor-widget-container\">\n\t\t\t\t\t\t\t\t\t<p>Pasta para crear obras con volumen.\u00a0 Elaborada con resinas acr\u00edlicas puras para evitar el amarilleo, y blanco de titanio y cargas minerales cuidadosamente seleccionadas para limitar al m\u00ednimo la contracci\u00f3n durante el secado y evitar el agrietado, a\u00fan sobre soportes flexibles.\u00a0\u00a0 Excelente adherencia sobre madera, yeso, bizcocho cer\u00e1mico, cart\u00f3n, Telgopor, vidrio, metales, telas naturales o revestidas, etc.\u00a0 \u00a0\u00a0Puede colorearse en masa antes de su aplicaci\u00f3n, o pintarse una vez seca, con materiales al agua.\u00a0<\/p><p>Se aplica c\u00f3modamente con esp\u00e1tula, y ligeramente diluida con agua puede pincelarse.\u00a0 El tiempo de secado depende del espesor aplicado, y el curado final se produce a las 72 horas.<\/p><p>Las herramientas de trabajo se limpian, con agua y jab\u00f3n.<\/p>\t\t\t\t\t\t\t\t<\/div>\n\t\t\t\t<\/div>\n\t\t\t\t\t<\/div>\n\t\t<\/div>\n\t\t\t\t<div class=\"elementor-column elementor-col-50 elementor-inner-column elementor-element elementor-element-366c3e9\" data-id=\"366c3e9\" data-element_type=\"column\" data-e-type=\"column\">\n\t\t\t<div class=\"elementor-widget-wrap elementor-element-populated\">\n\t\t\t\t\t\t<div class=\"elementor-element elementor-element-3da9b49 elementor-widget elementor-widget-image\" data-id=\"3da9b49\" data-element_type=\"widget\" data-e-type=\"widget\" data-widget_type=\"image.default\">\n\t\t\t\t<div class=\"elementor-widget-container\">\n\t\t\t\t\t\t\t\t\t\t\t\t\t\t\t\t<a href=\"http:\/\/pinturaseterna.com.ar\/index\/wp-content\/uploads\/IMG_5055.jpg\" data-elementor-open-lightbox=\"yes\" data-e-action-hash=\"#elementor-action%3Aaction%3Dlightbox%26settings%3DeyJpZCI6MTAzNjcsInVybCI6Imh0dHBzOlwvXC9waW50dXJhc2V0ZXJuYS5jb20uYXJcL2luZGV4XC93cC1jb250ZW50XC91cGxvYWRzXC9JTUdfNTA1NS1zY2FsZWQuanBnIn0%3D\">\n\t\t\t\t\t\t\t<img loading=\"lazy\" decoding=\"async\" width=\"2560\" height=\"1707\" src=\"https:\/\/pinturaseterna.com.ar\/index\/wp-content\/uploads\/IMG_5055-scaled.jpg\" class=\"attachment-full size-full wp-image-10367\" alt=\"\" srcset=\"https:\/\/pinturaseterna.com.ar\/index\/wp-content\/uploads\/IMG_5055-scaled.jpg 2560w, https:\/\/pinturaseterna.com.ar\/index\/wp-content\/uploads\/IMG_5055-300x200.jpg 300w, https:\/\/pinturaseterna.com.ar\/index\/wp-content\/uploads\/IMG_5055-1024x683.jpg 1024w, https:\/\/pinturaseterna.com.ar\/index\/wp-content\/uploads\/IMG_5055-768x512.jpg 768w, https:\/\/pinturaseterna.com.ar\/index\/wp-content\/uploads\/IMG_5055-1536x1024.jpg 1536w, https:\/\/pinturaseterna.com.ar\/index\/wp-content\/uploads\/IMG_5055-2048x1365.jpg 2048w\" sizes=\"(max-width: 2560px) 100vw, 2560px\" \/>\t\t\t\t\t\t\t\t<\/a>\n\t\t\t\t\t\t\t\t\t\t\t\t\t\t\t<\/div>\n\t\t\t\t<\/div>\n\t\t\t\t<div class=\"elementor-element elementor-element-7cb1412 elementor-widget elementor-widget-image\" data-id=\"7cb1412\" data-element_type=\"widget\" data-e-type=\"widget\" data-widget_type=\"image.default\">\n\t\t\t\t<div class=\"elementor-widget-container\">\n\t\t\t\t\t\t\t\t\t\t\t\t\t\t\t\t<a href=\"http:\/\/pinturaseterna.com.ar\/index\/wp-content\/uploads\/pasta_para_modelar05.jpg\" data-elementor-open-lightbox=\"yes\" data-e-action-hash=\"#elementor-action%3Aaction%3Dlightbox%26settings%3DeyJpZCI6MTAzNjgsInVybCI6Imh0dHBzOlwvXC9waW50dXJhc2V0ZXJuYS5jb20uYXJcL2luZGV4XC93cC1jb250ZW50XC91cGxvYWRzXC9wYXN0YV9wYXJhX21vZGVsYXIwNS5qcGcifQ%3D%3D\">\n\t\t\t\t\t\t\t<img loading=\"lazy\" decoding=\"async\" width=\"1200\" height=\"1038\" src=\"https:\/\/pinturaseterna.com.ar\/index\/wp-content\/uploads\/pasta_para_modelar05.jpg\" class=\"attachment-full size-full wp-image-10368\" alt=\"\" srcset=\"https:\/\/pinturaseterna.com.ar\/index\/wp-content\/uploads\/pasta_para_modelar05.jpg 1200w, https:\/\/pinturaseterna.com.ar\/index\/wp-content\/uploads\/pasta_para_modelar05-300x260.jpg 300w, https:\/\/pinturaseterna.com.ar\/index\/wp-content\/uploads\/pasta_para_modelar05-1024x886.jpg 1024w, https:\/\/pinturaseterna.com.ar\/index\/wp-content\/uploads\/pasta_para_modelar05-768x664.jpg 768w, https:\/\/pinturaseterna.com.ar\/index\/wp-content\/uploads\/pasta_para_modelar05-231x200.jpg 231w\" sizes=\"(max-width: 1200px) 100vw, 1200px\" \/>\t\t\t\t\t\t\t\t<\/a>\n\t\t\t\t\t\t\t\t\t\t\t\t\t\t\t<\/div>\n\t\t\t\t<\/div>\n\t\t\t\t\t<\/div>\n\t\t<\/div>\n\t\t\t\t\t<\/div>\n\t\t<\/section>\n\t\t\t\t\t<\/div>\n\t\t<\/div>\n\t\t\t\t\t<\/div>\n\t\t<\/section>\n\t\t\t\t<section class=\"elementor-section elementor-top-section elementor-element elementor-element-2f9500f elementor-section-boxed elementor-section-height-default elementor-section-height-default wpr-particle-no wpr-jarallax-no wpr-parallax-no wpr-sticky-section-no\" data-id=\"2f9500f\" data-element_type=\"section\" data-e-type=\"section\">\n\t\t\t\t\t\t<div class=\"elementor-container elementor-column-gap-default\">\n\t\t\t\t\t<div class=\"elementor-column elementor-col-100 elementor-top-column elementor-element elementor-element-f7bea64\" data-id=\"f7bea64\" data-element_type=\"column\" data-e-type=\"column\">\n\t\t\t<div class=\"elementor-widget-wrap elementor-element-populated\">\n\t\t\t\t\t\t<div class=\"elementor-element elementor-element-1ae9fb8 elementor-widget elementor-widget-spacer\" data-id=\"1ae9fb8\" data-element_type=\"widget\" data-e-type=\"widget\" data-widget_type=\"spacer.default\">\n\t\t\t\t<div class=\"elementor-widget-container\">\n\t\t\t\t\t\t\t<div class=\"elementor-spacer\">\n\t\t\t<div class=\"elementor-spacer-inner\"><\/div>\n\t\t<\/div>\n\t\t\t\t\t\t<\/div>\n\t\t\t\t<\/div>\n\t\t\t\t\t<\/div>\n\t\t<\/div>\n\t\t\t\t\t<\/div>\n\t\t<\/section>\n\t\t\t\t<section class=\"elementor-section elementor-top-section elementor-element elementor-element-8093905 elementor-section-boxed elementor-section-height-default elementor-section-height-default wpr-particle-no wpr-jarallax-no wpr-parallax-no wpr-sticky-section-no\" data-id=\"8093905\" data-element_type=\"section\" data-e-type=\"section\">\n\t\t\t\t\t\t<div class=\"elementor-container elementor-column-gap-default\">\n\t\t\t\t\t<div class=\"elementor-column elementor-col-100 elementor-top-column elementor-element elementor-element-ba9209c\" data-id=\"ba9209c\" data-element_type=\"column\" data-e-type=\"column\" data-settings=\"{&quot;background_background&quot;:&quot;classic&quot;}\">\n\t\t\t<div class=\"elementor-widget-wrap elementor-element-populated\">\n\t\t\t\t\t\t<div class=\"elementor-element elementor-element-33972d3 elementor-widget elementor-widget-image-gallery\" data-id=\"33972d3\" data-element_type=\"widget\" data-e-type=\"widget\" data-widget_type=\"image-gallery.default\">\n\t\t\t\t<div class=\"elementor-widget-container\">\n\t\t\t\t\t\t\t<div class=\"elementor-image-gallery\">\n\t\t\t<div id='gallery-1' class='gallery galleryid-10355 gallery-columns-4 gallery-size-thumbnail'><figure class='gallery-item'>\n\t\t\t<div class='gallery-icon landscape'>\n\t\t\t\t<a data-elementor-open-lightbox=\"yes\" data-elementor-lightbox-slideshow=\"33972d3\" data-e-action-hash=\"#elementor-action%3Aaction%3Dlightbox%26settings%3DeyJpZCI6MTAzNzEsInVybCI6Imh0dHBzOlwvXC9waW50dXJhc2V0ZXJuYS5jb20uYXJcL2luZGV4XC93cC1jb250ZW50XC91cGxvYWRzXC9wYXN0YV9wYXJhX21vZGVsYXIwOC5qcGciLCJzbGlkZXNob3ciOiIzMzk3MmQzIn0%3D\" href='https:\/\/pinturaseterna.com.ar\/index\/wp-content\/uploads\/pasta_para_modelar08.jpg'><img loading=\"lazy\" decoding=\"async\" width=\"150\" height=\"150\" src=\"https:\/\/pinturaseterna.com.ar\/index\/wp-content\/uploads\/pasta_para_modelar08-150x150.jpg\" class=\"attachment-thumbnail size-thumbnail\" alt=\"\" \/><\/a>\n\t\t\t<\/div><\/figure><figure class='gallery-item'>\n\t\t\t<div class='gallery-icon landscape'>\n\t\t\t\t<a data-elementor-open-lightbox=\"yes\" data-elementor-lightbox-slideshow=\"33972d3\" data-e-action-hash=\"#elementor-action%3Aaction%3Dlightbox%26settings%3DeyJpZCI6MTAzNjksInVybCI6Imh0dHBzOlwvXC9waW50dXJhc2V0ZXJuYS5jb20uYXJcL2luZGV4XC93cC1jb250ZW50XC91cGxvYWRzXC9wYXN0YV9wYXJhX21vZGVsYXIwNi5qcGciLCJzbGlkZXNob3ciOiIzMzk3MmQzIn0%3D\" href='https:\/\/pinturaseterna.com.ar\/index\/wp-content\/uploads\/pasta_para_modelar06.jpg'><img loading=\"lazy\" decoding=\"async\" width=\"150\" height=\"150\" src=\"https:\/\/pinturaseterna.com.ar\/index\/wp-content\/uploads\/pasta_para_modelar06-150x150.jpg\" class=\"attachment-thumbnail size-thumbnail\" alt=\"\" \/><\/a>\n\t\t\t<\/div><\/figure><figure class='gallery-item'>\n\t\t\t<div class='gallery-icon landscape'>\n\t\t\t\t<a data-elementor-open-lightbox=\"yes\" data-elementor-lightbox-slideshow=\"33972d3\" data-e-action-hash=\"#elementor-action%3Aaction%3Dlightbox%26settings%3DeyJpZCI6MTAzNzIsInVybCI6Imh0dHBzOlwvXC9waW50dXJhc2V0ZXJuYS5jb20uYXJcL2luZGV4XC93cC1jb250ZW50XC91cGxvYWRzXC9wYXN0YV9wYXJhX21vZGVsYXIwOS5qcGciLCJzbGlkZXNob3ciOiIzMzk3MmQzIn0%3D\" href='https:\/\/pinturaseterna.com.ar\/index\/wp-content\/uploads\/pasta_para_modelar09.jpg'><img loading=\"lazy\" decoding=\"async\" width=\"150\" height=\"150\" src=\"https:\/\/pinturaseterna.com.ar\/index\/wp-content\/uploads\/pasta_para_modelar09-150x150.jpg\" class=\"attachment-thumbnail size-thumbnail\" alt=\"\" \/><\/a>\n\t\t\t<\/div><\/figure><figure class='gallery-item'>\n\t\t\t<div class='gallery-icon landscape'>\n\t\t\t\t<a data-elementor-open-lightbox=\"yes\" data-elementor-lightbox-slideshow=\"33972d3\" data-e-action-hash=\"#elementor-action%3Aaction%3Dlightbox%26settings%3DeyJpZCI6MTAzNzAsInVybCI6Imh0dHBzOlwvXC9waW50dXJhc2V0ZXJuYS5jb20uYXJcL2luZGV4XC93cC1jb250ZW50XC91cGxvYWRzXC9wYXN0YV9wYXJhX21vZGVsYXIwNy5qcGciLCJzbGlkZXNob3ciOiIzMzk3MmQzIn0%3D\" href='https:\/\/pinturaseterna.com.ar\/index\/wp-content\/uploads\/pasta_para_modelar07.jpg'><img loading=\"lazy\" decoding=\"async\" width=\"150\" height=\"150\" src=\"https:\/\/pinturaseterna.com.ar\/index\/wp-content\/uploads\/pasta_para_modelar07-150x150.jpg\" class=\"attachment-thumbnail size-thumbnail\" alt=\"\" \/><\/a>\n\t\t\t<\/div><\/figure>\n\t\t<\/div>\n\t\t<\/div>\n\t\t\t\t\t\t<\/div>\n\t\t\t\t<\/div>\n\t\t\t\t\t<\/div>\n\t\t<\/div>\n\t\t\t\t\t<\/div>\n\t\t<\/section>\n\t\t\t\t<section class=\"elementor-section elementor-top-section elementor-element elementor-element-2d86ce6 elementor-section-boxed elementor-section-height-default elementor-section-height-default wpr-particle-no wpr-jarallax-no wpr-parallax-no wpr-sticky-section-no\" data-id=\"2d86ce6\" data-element_type=\"section\" data-e-type=\"section\">\n\t\t\t\t\t\t<div class=\"elementor-container elementor-column-gap-default\">\n\t\t\t\t\t<div class=\"elementor-column elementor-col-100 elementor-top-column elementor-element elementor-element-ff24807\" data-id=\"ff24807\" data-element_type=\"column\" data-e-type=\"column\">\n\t\t\t<div class=\"elementor-widget-wrap elementor-element-populated\">\n\t\t\t\t\t\t<div class=\"elementor-element elementor-element-fe4b9e5 elementor-widget elementor-widget-spacer\" data-id=\"fe4b9e5\" data-element_type=\"widget\" data-e-type=\"widget\" data-widget_type=\"spacer.default\">\n\t\t\t\t<div class=\"elementor-widget-container\">\n\t\t\t\t\t\t\t<div class=\"elementor-spacer\">\n\t\t\t<div class=\"elementor-spacer-inner\"><\/div>\n\t\t<\/div>\n\t\t\t\t\t\t<\/div>\n\t\t\t\t<\/div>\n\t\t\t\t<div class=\"elementor-element elementor-element-f65cabe elementor-widget elementor-widget-image\" data-id=\"f65cabe\" data-element_type=\"widget\" data-e-type=\"widget\" data-widget_type=\"image.default\">\n\t\t\t\t<div class=\"elementor-widget-container\">\n\t\t\t\t\t\t\t\t\t\t\t\t\t\t\t\t<a href=\"http:\/\/pinturaseterna.com.ar\/index\/01images\/FolletoTexturas.pdf\" target=\"_blank\">\n\t\t\t\t\t\t\t<img loading=\"lazy\" decoding=\"async\" width=\"99\" height=\"80\" src=\"https:\/\/pinturaseterna.com.ar\/index\/wp-content\/uploads\/descargar.png\" class=\"attachment-large size-large wp-image-562\" alt=\"descargar\" \/>\t\t\t\t\t\t\t\t<\/a>\n\t\t\t\t\t\t\t\t\t\t\t\t\t\t\t<\/div>\n\t\t\t\t<\/div>\n\t\t\t\t\t<\/div>\n\t\t<\/div>\n\t\t\t\t\t<\/div>\n\t\t<\/section>\n\t\t\t\t<section class=\"elementor-section elementor-top-section elementor-element elementor-element-93e8d8e elementor-section-boxed elementor-section-height-default elementor-section-height-default wpr-particle-no wpr-jarallax-no wpr-parallax-no wpr-sticky-section-no\" data-id=\"93e8d8e\" data-element_type=\"section\" data-e-type=\"section\">\n\t\t\t\t\t\t<div class=\"elementor-container elementor-column-gap-default\">\n\t\t\t\t\t<div class=\"elementor-column elementor-col-100 elementor-top-column elementor-element elementor-element-568d81c\" data-id=\"568d81c\" data-element_type=\"column\" data-e-type=\"column\">\n\t\t\t<div class=\"elementor-widget-wrap elementor-element-populated\">\n\t\t\t\t\t\t<div class=\"elementor-element elementor-element-3f326ff elementor-widget elementor-widget-spacer\" data-id=\"3f326ff\" data-element_type=\"widget\" data-e-type=\"widget\" data-widget_type=\"spacer.default\">\n\t\t\t\t<div class=\"elementor-widget-container\">\n\t\t\t\t\t\t\t<div class=\"elementor-spacer\">\n\t\t\t<div class=\"elementor-spacer-inner\"><\/div>\n\t\t<\/div>\n\t\t\t\t\t\t<\/div>\n\t\t\t\t<\/div>\n\t\t\t\t\t<\/div>\n\t\t<\/div>\n\t\t\t\t\t<\/div>\n\t\t<\/section>\n\t\t\t\t<\/div>\n\t\t","protected":false},"excerpt":{"rendered":"","protected":false},"author":1,"featured_media":318468,"parent":0,"menu_order":0,"comment_status":"closed","ping_status":"closed","template":"","meta":{"footnotes":""},"class_list":["post-10355","page","type-page","status-publish","has-post-thumbnail","hentry"],"_links":{"self":[{"href":"https:\/\/pinturaseterna.com.ar\/index\/wp-json\/wp\/v2\/pages\/10355","targetHints":{"allow":["GET"]}}],"collection":[{"href":"https:\/\/pinturaseterna.com.ar\/index\/wp-json\/wp\/v2\/pages"}],"about":[{"href":"https:\/\/pinturaseterna.com.ar\/index\/wp-json\/wp\/v2\/types\/page"}],"author":[{"embeddable":true,"href":"https:\/\/pinturaseterna.com.ar\/index\/wp-json\/wp\/v2\/users\/1"}],"replies":[{"embeddable":true,"href":"https:\/\/pinturaseterna.com.ar\/index\/wp-json\/wp\/v2\/comments?post=10355"}],"version-history":[{"count":15,"href":"https:\/\/pinturaseterna.com.ar\/index\/wp-json\/wp\/v2\/pages\/10355\/revisions"}],"predecessor-version":[{"id":318850,"href":"https:\/\/pinturaseterna.com.ar\/index\/wp-json\/wp\/v2\/pages\/10355\/revisions\/318850"}],"wp:featuredmedia":[{"embeddable":true,"href":"https:\/\/pinturaseterna.com.ar\/index\/wp-json\/wp\/v2\/media\/318468"}],"wp:attachment":[{"href":"https:\/\/pinturaseterna.com.ar\/index\/wp-json\/wp\/v2\/media?parent=10355"}],"curies":[{"name":"wp","href":"https:\/\/api.w.org\/{rel}","templated":true}]}}